{"id":11,"date":"2026-04-17T18:30:31","date_gmt":"2026-04-17T18:30:31","guid":{"rendered":"https:\/\/slothub.eu\/?page_id=11"},"modified":"2026-04-17T18:30:31","modified_gmt":"2026-04-17T18:30:31","slug":"n1-casino-recenzija-2026","status":"publish","type":"page","link":"https:\/\/slothub.eu\/sr\/n1-casino-recenzija-2026\/","title":{"rendered":"Na\u0161a ocjena: \u2b50\u2b50\u2b50\u2b50\u2606 (4.1\/5)\n\nN1 Casino je jedan od najpopularnijih online kazina u \nEvropi, licenciran od strane Malta Gaming Authority (MGA). \nU ovoj recenziji \u0107emo ti re\u0107i sve \u0161to treba\u0161 znati prije \nnego \u0161to se registruje\u0161.\n\nPREDNOSTI:\n\u2705 MGA licenca \u2014 siguran i regulisan\n\u2705 Dobrodo\u0161lica: 100% do \u20ac1000 + 150 besplatnih vrtnji\n\u2705 Isplate e-nov\u010danicima za 0\u20134 sata\n\u2705 Preko 2,500 igara\n\u2705 VIP program s ekskluzivnim pogodnostima\n\nMANE:\n\u274c Wagering zahtjev 50x na bonus\n\u274c Nema no deposit bonusa\n\u274c Maksimalna isplata \u20ac15,000\/mj\n\nBONUS:\n100% do \u20ac1,000 na prvi depozit + 150 besplatnih vrtnji\nMinimum depozita: \u20ac20\nWagering: 50x bonus iznos\n\nIGRE:\nVi\u0161e od 2,500 igara od Pragmatic Play, NetEnt, \nEvolution Gaming i drugih.\nNajpopularnije: Gates of Olympus, Big Bass Bonanza, \nBook of Dead, Live Rulet\n\nISPLATE:\nSkrill\/Neteller: 0\u20134 sata\nVisa\/Mastercard: 2\u20136 radnih dana\nBan\u010dni transfer: 5\u20139 radnih dana\nMinimum depozita\/isplate: \u20ac20\n\nZAKLJU\u010cAK:\nN1 Casino je solidan izbor za igra\u010de iz Srbije. \nVelika ponuda igara, brze isplate i MGA licenca \n\u010dine ga jednim od boljih opcija na tr\u017ei\u0161tu.\n\n\u26a0\ufe0f 18+ | Igraj odgovorno | \nKockanje mo\u017ee izazvati ovisnost"},"content":{"rendered":"<p>Na\u0161a ocena: &#x2b50;&#x2b50;&#x2b50;&#x2b50;\u2606 (4.1\/5)<\/p>\n\n\n\n<p>N1 Casino je eno izmed najpopularnej\u0161ih spletnih kasin v Evropi, ki ima licenco Malta Gaming Authority (MGA) \u2014 enega najpresti\u017enej\u0161ih regulatorjev na svetu. V tej recenziji ti povemo vse, kar mora\u0161 vedeti pred registracijo.<\/p>\n\n\n\n<p>PREDNOSTI:<br>&#x2705; Licenca MGA \u2014 varen in reguliran<br>&#x2705; Dobrodo\u0161lica: 100% do \u20ac1000 + 150 brezpla\u010dnih vrtljajev<br>&#x2705; Izpla\u010dila z e-denarnicami v 0\u20134 urah<br>&#x2705; Ve\u010d kot 2.500 iger<br>&#x2705; VIP program z ekskluzivnimi ugodnostmi<\/p>\n\n\n\n<p>SLABOSTI:<br>&#x274c; Pogoj stavljanja 50x na bonus<br>&#x274c; Ni no deposit bonusa<br>&#x274c; Maksimalno izpla\u010dilo \u20ac15.000\/mes<\/p>\n\n\n\n<p>BONUS:<br>100% do \u20ac1.000 pri prvi vlogi + 150 brezpla\u010dnih vrtljajev<br>Minimalna vloga: \u20ac20<br>Pogoj stavljanja: 50x znesek bonusa<\/p>\n\n\n\n<p>IGRE:<br>Ve\u010d kot 2.500 iger od Pragmatic Play, NetEnt, Evolution Gaming in drugih.<br>Najpopularnej\u0161e: Gates of Olympus, Big Bass Bonanza, Book of Dead, \u017divi Rulet<\/p>\n\n\n\n<p>IZPLA\u010cILA:<br>Skrill\/Neteller: 0\u20134 ure<br>Visa\/Mastercard: 2\u20136 delovnih dni<br>Ban\u010dno nakazilo: 5\u20139 delovnih dni<br>Minimalna vloga\/dvig: \u20ac20<\/p>\n\n\n\n<p>ZAKLJU\u010cEK:<br>N1 Casino je dobra izbira za slovenske igralce. Bogata ponudba iger, hitri dvigi in licenca MGA ga uvr\u0161\u010dajo med bolj\u0161e mo\u017enosti na trgu.<\/p>\n\n\n\n<p>&#x26a0;&#xfe0f; 18+ | Igraj odgovorno | Igre na sre\u010do lahko povzro\u010dijo odvisnost<\/p>","protected":false},"excerpt":{"rendered":"<p>Na\u0161a ocena: &#x2b50;&#x2b50;&#x2b50;&#x2b50;\u2606 (4.1\/5) N1 Casino je eno izmed najpopularnej\u0161ih spletnih kasin v Evropi, ki ima licenco Malta Gaming Authority [&hellip;]<\/p>\n","protected":false},"author":1,"featured_media":0,"parent":0,"menu_order":0,"comment_status":"closed","ping_status":"closed","template":"","meta":{"site-sidebar-layout":"default","site-content-layout":"","ast-site-content-layout":"default","site-content-style":"default","site-sidebar-style":"default","ast-global-header-display":"","ast-banner-title-visibility":"","ast-main-header-display":"","ast-hfb-above-header-display":"","ast-hfb-below-header-display":"","ast-hfb-mobile-header-display":"","site-post-title":"","ast-breadcrumbs-content":"","ast-featured-img":"","footer-sml-layout":"","ast-disable-related-posts":"","theme-transparent-header-meta":"","adv-header-id-meta":"","stick-header-meta":"","header-above-stick-meta":"","header-main-stick-meta":"","header-below-stick-meta":"","astra-migrate-meta-layouts":"default","ast-page-background-enabled":"default","ast-page-background-meta":{"desktop":{"background-color":"var(--ast-global-color-5)","background-image":"","background-repeat":"repeat","background-position":"center center","background-size":"auto","background-attachment":"scroll","background-type":"","background-media":"","overlay-type":"","overlay-color":"","overlay-opacity":"","overlay-gradient":""},"tablet":{"background-color":"","background-image":"","background-repeat":"repeat","background-position":"center center","background-size":"auto","background-attachment":"scroll","background-type":"","background-media":"","overlay-type":"","overlay-color":"","overlay-opacity":"","overlay-gradient":""},"mobile":{"background-color":"","background-image":"","background-repeat":"repeat","background-position":"center center","background-size":"auto","background-attachment":"scroll","background-type":"","background-media":"","overlay-type":"","overlay-color":"","overlay-opacity":"","overlay-gradient":""}},"ast-content-background-meta":{"desktop":{"background-color":"var(--ast-global-color-4)","background-image":"","background-repeat":"repeat","background-position":"center center","background-size":"auto","background-attachment":"scroll","background-type":"","background-media":"","overlay-type":"","overlay-color":"","overlay-opacity":"","overlay-gradient":""},"tablet":{"background-color":"var(--ast-global-color-4)","background-image":"","background-repeat":"repeat","background-position":"center center","background-size":"auto","background-attachment":"scroll","background-type":"","background-media":"","overlay-type":"","overlay-color":"","overlay-opacity":"","overlay-gradient":""},"mobile":{"background-color":"var(--ast-global-color-4)","background-image":"","background-repeat":"repeat","background-position":"center center","background-size":"auto","background-attachment":"scroll","background-type":"","background-media":"","overlay-type":"","overlay-color":"","overlay-opacity":"","overlay-gradient":""}},"footnotes":""},"class_list":["post-11","page","type-page","status-publish","hentry"],"_links":{"self":[{"href":"https:\/\/slothub.eu\/sr\/wp-json\/wp\/v2\/pages\/11","targetHints":{"allow":["GET"]}}],"collection":[{"href":"https:\/\/slothub.eu\/sr\/wp-json\/wp\/v2\/pages"}],"about":[{"href":"https:\/\/slothub.eu\/sr\/wp-json\/wp\/v2\/types\/page"}],"author":[{"embeddable":true,"href":"https:\/\/slothub.eu\/sr\/wp-json\/wp\/v2\/users\/1"}],"replies":[{"embeddable":true,"href":"https:\/\/slothub.eu\/sr\/wp-json\/wp\/v2\/comments?post=11"}],"version-history":[{"count":1,"href":"https:\/\/slothub.eu\/sr\/wp-json\/wp\/v2\/pages\/11\/revisions"}],"predecessor-version":[{"id":13,"href":"https:\/\/slothub.eu\/sr\/wp-json\/wp\/v2\/pages\/11\/revisions\/13"}],"wp:attachment":[{"href":"https:\/\/slothub.eu\/sr\/wp-json\/wp\/v2\/media?parent=11"}],"curies":[{"name":"wp","href":"https:\/\/api.w.org\/{rel}","templated":true}]}}